{"id":50,"date":"2013-03-27T17:00:51","date_gmt":"2013-03-27T15:00:51","guid":{"rendered":"http:\/\/dalfen.at\/site\/?page_id=50"},"modified":"2023-07-03T18:04:58","modified_gmt":"2023-07-03T16:04:58","slug":"team","status":"publish","type":"page","link":"http:\/\/dalfen.at\/site\/?page_id=50","title":{"rendered":"Team"},"content":{"rendered":"<p style=\"text-align: justify;\"><strong>Mag. Thomas Dalfen<\/strong><\/p>\n<p style=\"text-align: justify;\"><a href=\"http:\/\/dalfen.at\/site\/wp-content\/uploads\/2013\/05\/CF114998.TIF.p.jpg\"><img decoding=\"async\" loading=\"lazy\" class=\"size-medium wp-image-152 alignleft\" alt=\"CF114998.TIF.p\" src=\"http:\/\/dalfen.at\/site\/wp-content\/uploads\/2013\/05\/CF114998.TIF.p-225x300.jpg\" width=\"225\" height=\"300\" srcset=\"http:\/\/dalfen.at\/site\/wp-content\/uploads\/2013\/05\/CF114998.TIF.p-225x300.jpg 225w, http:\/\/dalfen.at\/site\/wp-content\/uploads\/2013\/05\/CF114998.TIF.p-768x1024.jpg 768w, http:\/\/dalfen.at\/site\/wp-content\/uploads\/2013\/05\/CF114998.TIF.p.jpg 1501w\" sizes=\"(max-width: 225px) 100vw, 225px\" \/><\/a><\/p>\n<p style=\"text-align: justify;\">Mag. Thomas Dalfen, Jahrgang 1967, \u00a0studierte Betriebswirtschaft an der Wirtschaftsuniversit\u00e4t Wien. Seine berufliche Laufbahn begann er bei der \u00d6sterreichniederlassung von EXXON Mobil im Controlling und Rechnungswesen. Nach drei Jahren wechselte er als Area Sales Manager in die Marketingabteilung.<\/p>\n<p style=\"text-align: justify;\">Von 2000 bis Anfang 2013 war Mag. Thomas Dalfen CFO der Draftfcb Partners Werbeagentur, die zur Interpublic Group of Companies (IPG) mit Sitz in New York geh\u00f6rt.\u00a0Gleichzeitig\u00a0hatte er von 2005 \u2013 2009 die Position des CFO und Prokuristen der Lowe GGK Werbeagentur inne.<\/p>\n<p style=\"text-align: justify;\">Mag. Thomas Dalfen \u00fcbte diese Funktion\u00a0auch mehrere Jahre als Mitglied des Management Boards der Draftfcb Reklam Hizmetleri A.S. in Istanbul und der Draftfcb + Ad Fabrika Sp z.o.o. in Warschau aus.<\/p>\n<p style=\"text-align: justify;\">Seit Gr\u00fcndung der Dalfen Management Company Anfang 2013\u00a0hat Mag. Thomas Dalfen unter anderem folgende Projekte erfolgreich\u00a0abgewickelt:<\/p>\n<ul>\n<li>Kaufm\u00e4nnischer Gesch\u00e4ftsf\u00fchrer eines Kunstbetriebs in Wien<\/li>\n<li>Financial Advisor f\u00fcr mehrere Start-Ups<\/li>\n<li>CFO bei einem mittelst\u00e4ndischen Produktionsunternehmen<\/li>\n<li>M&amp;A-Projektleitung f\u00fcr ein produzierendes KMU in Wien<\/li>\n<li>Interim CFO (Restrukturierung) bei einem Dienstleistungsunternehmens in M\u00fcnchen (Tochter eines amerikanischen Konzerns)<\/li>\n<li>Interim CFO bei einem mittelst\u00e4ndischen Industrieunternehmen in Wien (eigent\u00fcmergef\u00fchrtes Unternehmen)<\/li>\n<li>Verantwortlicher Projektleiter f\u00fcr \u00dcbernahme und Management der bosnischen Tochter eines mittelst\u00e4ndischen Industrieunternehmens<\/li>\n<li>Interim CFO bei einem Gro\u00dfhandelsunternehmen (Tochter eines Schweizer Konzerns)<\/li>\n<li>Folgeprojekt Prozessmanagement bei\u00a0dem o.e.\u00a0Gro\u00dfhandelsunternehmen<\/li>\n<li>Laufende Kooperation und Umsetzung von Projekten im Finanzbereich f\u00fcr eine NGO in Wien<\/li>\n<\/ul>\n<p>Er ist Mitglied beim Dachverband \u00d6sterreichisches Interim Management &#8211; D\u00d6IM (<a href=\"http:\/\/www.d\u00f6im.org).\">www.d\u00f6im.org),<\/a> und bei Switzerland Global Enterprise (<a href=\"http:\/\/www.s-ge.com\">www.s-ge.com<\/a>)<\/p>\n<p>Dar\u00fcberhinaus ist er Mentor bei Manageers, einer Plattform f\u00fcr zuk\u00fcnftige F\u00fchrungskr\u00e4fte.<\/p>\n<p style=\"text-align: justify;\"><strong>Nicole Brenner<\/strong><\/p>\n<p style=\"text-align: justify;\"><a href=\"http:\/\/dalfen.at\/site\/wp-content\/uploads\/2013\/05\/CF114974.TIF.p.jpg\"><img decoding=\"async\" loading=\"lazy\" class=\"size-medium wp-image-153 alignleft\" alt=\"CF114974.TIF.p\" src=\"http:\/\/dalfen.at\/site\/wp-content\/uploads\/2013\/05\/CF114974.TIF.p-225x300.jpg\" width=\"225\" height=\"300\" srcset=\"http:\/\/dalfen.at\/site\/wp-content\/uploads\/2013\/05\/CF114974.TIF.p-225x300.jpg 225w, http:\/\/dalfen.at\/site\/wp-content\/uploads\/2013\/05\/CF114974.TIF.p-768x1024.jpg 768w, http:\/\/dalfen.at\/site\/wp-content\/uploads\/2013\/05\/CF114974.TIF.p.jpg 1501w\" sizes=\"(max-width: 225px) 100vw, 225px\" \/><\/a><\/p>\n<p style=\"text-align: justify;\">Nach Abschluss ihrer Ausbildung an der Handelsakademie war Nicole Brenner \u00fcber 9 Jahre in verschiedenen mittelst\u00e4ndischen Unternehmen als Konzern-\/Bilanzbuchhalterin t\u00e4tig.<\/p>\n<p style=\"text-align: justify;\">Anfang 2005 \u00fcbernahm sie die Position des Assistant Controllers der Draftfcb Partners Werbeagentur GmbH mit T\u00e4tigkeitsschwerpunkt Budgetierung sowie Forecast und Abweichungsanalysen (insb. nach US-GAAP), Konzernreporting, SOX-Richtlinien, Compliance, Kostenstellenrechnung und Personalverrechnung.<\/p>\n<p style=\"text-align: justify;\">Von 2009 bis Anfang 2013 war Nicole Brenner Head of Controlling der Draftfcb Partners Werbeagentur. In dieser Funktion war sie auch Ansprechpartnerin und Kontaktperson f\u00fcr diverse internationale Konzernstellen, sowie f\u00fcr Wirtschaftspr\u00fcfer und Steuerberater. Dar\u00fcber hinaus war Nicole Brenner f\u00fcr verschiedene Gesellschaften der Gruppe interimistisch als Leiterin Controlling t\u00e4tig.<\/p>\n<p style=\"text-align: justify;\">Seit Gr\u00fcndung der Dalfen Management Company hat Nicole Brenner unter anderem folgende Projekte abgewickelt:<\/p>\n<ul>\n<li>Interim CFO bei einem mittelst\u00e4ndischen Industrieunternehmen in Wien<\/li>\n<li>Aufbau und Implementierung eines FIBU- und Controllingsystems bei einem Medienkonzern in Wien<\/li>\n<li>Interim Head of Accounting bei einem Dienstleistungsunternehmen in Hamburg<\/li>\n<li>Interim Head of Accounting bei einem Handelsunternehmen in Wien<\/li>\n<li>Laufende Abwicklung des Rechnungswesens f\u00fcr ein Dienstleistungsunternehmen in Wien<\/li>\n<li>Organisation und laufende Abwicklung des Rechnungswesens f\u00fcr ein neu gegr\u00fcndetes Unternehmen in Wien<\/li>\n<\/ul>\n<p style=\"text-align: center;\"><a href=\"http:\/\/dalfen.at\/site\/wp-content\/uploads\/2013\/03\/DALFEN_LOGO_klein2.jpg\"><img decoding=\"async\" loading=\"lazy\" class=\" wp-image-84 aligncenter\" alt=\"DALFEN_LOGO_klein\" src=\"http:\/\/dalfen.at\/site\/wp-content\/uploads\/2013\/03\/DALFEN_LOGO_klein2-300x96.jpg\" width=\"180\" height=\"58\" srcset=\"http:\/\/dalfen.at\/site\/wp-content\/uploads\/2013\/03\/DALFEN_LOGO_klein2-300x96.jpg 300w, http:\/\/dalfen.at\/site\/wp-content\/uploads\/2013\/03\/DALFEN_LOGO_klein2.jpg 365w\" sizes=\"(max-width: 180px) 100vw, 180px\" \/><\/a><\/p>\n","protected":false},"excerpt":{"rendered":"<p>Mag. Thomas Dalfen Mag. Thomas Dalfen, Jahrgang 1967, \u00a0studierte Betriebswirtschaft an der Wirtschaftsuniversit\u00e4t Wien. Seine berufliche Laufbahn begann er bei der \u00d6sterreichniederlassung von EXXON Mobil im Controlling und Rechnungswesen. Nach drei Jahren wechselte er als Area Sales Manager in die &hellip; <a href=\"http:\/\/dalfen.at\/site\/?page_id=50\">Weiterlesen <span class=\"meta-nav\">&rarr;<\/span><\/a><\/p>\n","protected":false},"author":1,"featured_media":0,"parent":0,"menu_order":0,"comment_status":"closed","ping_status":"closed","template":"","meta":{"footnotes":""},"_links":{"self":[{"href":"http:\/\/dalfen.at\/site\/index.php?rest_route=\/wp\/v2\/pages\/50"}],"collection":[{"href":"http:\/\/dalfen.at\/site\/index.php?rest_route=\/wp\/v2\/pages"}],"about":[{"href":"http:\/\/dalfen.at\/site\/index.php?rest_route=\/wp\/v2\/types\/page"}],"author":[{"embeddable":true,"href":"http:\/\/dalfen.at\/site\/index.php?rest_route=\/wp\/v2\/users\/1"}],"replies":[{"embeddable":true,"href":"http:\/\/dalfen.at\/site\/index.php?rest_route=%2Fwp%2Fv2%2Fcomments&post=50"}],"version-history":[{"count":40,"href":"http:\/\/dalfen.at\/site\/index.php?rest_route=\/wp\/v2\/pages\/50\/revisions"}],"predecessor-version":[{"id":116,"href":"http:\/\/dalfen.at\/site\/index.php?rest_route=\/wp\/v2\/pages\/50\/revisions\/116"}],"wp:attachment":[{"href":"http:\/\/dalfen.at\/site\/index.php?rest_route=%2Fwp%2Fv2%2Fmedia&parent=50"}],"curies":[{"name":"wp","href":"https:\/\/api.w.org\/{rel}","templated":true}]}}