{"id":46,"date":"2013-03-27T16:55:45","date_gmt":"2013-03-27T14:55:45","guid":{"rendered":"http:\/\/dalfen.at\/site\/?page_id=46"},"modified":"2018-12-07T13:36:10","modified_gmt":"2018-12-07T11:36:10","slug":"zielgruppe","status":"publish","type":"page","link":"http:\/\/dalfen.at\/site\/?page_id=46","title":{"rendered":"Zielgruppe"},"content":{"rendered":"<p style=\"text-align: justify;\">Zu unserer Zielgruppe geh\u00f6ren alle Unternehmen und NPOs, unabh\u00e4ngig von der Unternehmensgr\u00f6\u00dfe und von der aktuellen Phase ihres Unternehmenszyklus. Der Schwerpunkt liegt auf der Kooperation mit KMUs, Start-UPs\u00a0und NPOs, wir betreuen\u00a0aber auch\u00a0\u00a0b\u00f6rsennotierte Konzerne und \u00f6ffentliche Einrichtungen.<\/p>\n<p style=\"text-align: justify;\">Eine wesentliche Voraussetzung f\u00fcr die erfolgreiche Umsetzung unserer Leistungen ist die enge Zusammenarbeit mit Ihnen und Ihren Mitarbeitern.<\/p>\n<p style=\"text-align: center;\"><a href=\"http:\/\/dalfen.at\/site\/wp-content\/uploads\/2013\/03\/DALFEN_LOGO_klein2.jpg\"><img decoding=\"async\" loading=\"lazy\" class=\" wp-image-84 aligncenter\" alt=\"DALFEN_LOGO_klein\" src=\"http:\/\/dalfen.at\/site\/wp-content\/uploads\/2013\/03\/DALFEN_LOGO_klein2-300x96.jpg\" width=\"180\" height=\"58\" srcset=\"http:\/\/dalfen.at\/site\/wp-content\/uploads\/2013\/03\/DALFEN_LOGO_klein2-300x96.jpg 300w, http:\/\/dalfen.at\/site\/wp-content\/uploads\/2013\/03\/DALFEN_LOGO_klein2.jpg 365w\" sizes=\"(max-width: 180px) 100vw, 180px\" \/><\/a><\/p>\n","protected":false},"excerpt":{"rendered":"<p>Zu unserer Zielgruppe geh\u00f6ren alle Unternehmen und NPOs, unabh\u00e4ngig von der Unternehmensgr\u00f6\u00dfe und von der aktuellen Phase ihres Unternehmenszyklus. Der Schwerpunkt liegt auf der Kooperation mit KMUs, Start-UPs\u00a0und NPOs, wir betreuen\u00a0aber auch\u00a0\u00a0b\u00f6rsennotierte Konzerne und \u00f6ffentliche Einrichtungen. Eine wesentliche Voraussetzung f\u00fcr &hellip; <a href=\"http:\/\/dalfen.at\/site\/?page_id=46\">Weiterlesen <span class=\"meta-nav\">&rarr;<\/span><\/a><\/p>\n","protected":false},"author":1,"featured_media":0,"parent":0,"menu_order":0,"comment_status":"closed","ping_status":"closed","template":"","meta":{"footnotes":""},"_links":{"self":[{"href":"http:\/\/dalfen.at\/site\/index.php?rest_route=\/wp\/v2\/pages\/46"}],"collection":[{"href":"http:\/\/dalfen.at\/site\/index.php?rest_route=\/wp\/v2\/pages"}],"about":[{"href":"http:\/\/dalfen.at\/site\/index.php?rest_route=\/wp\/v2\/types\/page"}],"author":[{"embeddable":true,"href":"http:\/\/dalfen.at\/site\/index.php?rest_route=\/wp\/v2\/users\/1"}],"replies":[{"embeddable":true,"href":"http:\/\/dalfen.at\/site\/index.php?rest_route=%2Fwp%2Fv2%2Fcomments&post=46"}],"version-history":[{"count":15,"href":"http:\/\/dalfen.at\/site\/index.php?rest_route=\/wp\/v2\/pages\/46\/revisions"}],"predecessor-version":[{"id":279,"href":"http:\/\/dalfen.at\/site\/index.php?rest_route=\/wp\/v2\/pages\/46\/revisions\/279"}],"wp:attachment":[{"href":"http:\/\/dalfen.at\/site\/index.php?rest_route=%2Fwp%2Fv2%2Fmedia&parent=46"}],"curies":[{"name":"wp","href":"https:\/\/api.w.org\/{rel}","templated":true}]}}