{"id":29,"date":"2013-03-27T15:41:32","date_gmt":"2013-03-27T13:41:32","guid":{"rendered":"http:\/\/dalfen.at\/site\/?page_id=29"},"modified":"2023-07-03T17:51:17","modified_gmt":"2023-07-03T15:51:17","slug":"leistungsspektrum-2","status":"publish","type":"page","link":"http:\/\/dalfen.at\/site\/?page_id=29","title":{"rendered":"Leistungsspektrum"},"content":{"rendered":"<p style=\"text-align: justify;\">Die Dalfen Management Company bietet Ihnen fundierte Beratung im Bereich Unternehmensgr\u00fcndung und -f\u00fchrung, Unternehmensorganisation, Accounting, Finance und Controlling. Gemeinsam mit Ihnen und Ihrem Team setzen wir die erforderlichen Ma\u00dfnahmen und Projekte dann auch in Ihrem Unternehmen um.<\/p>\n<p style=\"text-align: justify;\">\u00a0Unser Leistungsspektrum umfasst\u00a0folgende Bereiche:<\/p>\n<p style=\"text-align: justify;\">1. <strong>Interim Management &#8211;<\/strong>\u00a0Management- und Controllingaufgaben, die von uns f\u00fcr einen bestimmten Zeitraum in Ihrem Unternehmen \u00fcbernommen werden, weil z.B. das erforderliche Know-How intern nicht vorhanden ist oder weil auf Grund eines Personalwechsels die Position des Gesch\u00e4ftsf\u00fchrers, des CFO oder des Controllers f\u00fcr einige Zeit unbesetzt ist. Zu diesem Zweck werden wir f\u00fcr einen vereinbarten Zeitraum vor Ort in Ihrem Unternehmen t\u00e4tig sein und die Aufgaben \u00fcbernehmen, um einen reibungslosen Arbeitsablauf zu gew\u00e4hrleisten. Dadurch haben Sie ausreichend Zeit, eine\u00a0geeignete Nachfolgerin\/einen\u00a0geeigneten Nachfolger zu finden. Wir unterst\u00fctzen Sie auch sehr gerne bei diesem <strong>Auswahlprozess<\/strong>. Da wir nicht fest in der Unternehmensstruktur verankert sind, k\u00f6nnen wir eine unvoreingenommene Perspektive einbringen und schwierige Entscheidungen treffen, die intern m\u00f6glicherweise schwer zu treffen sind.<\/p>\n<p style=\"text-align: justify;\">Wenn Sie keinen <strong>Controller oder Rechnungswesenleiter<\/strong> fix anstellen wollen, k\u00f6nnen Sie die entsprechenden T\u00e4tigkeiten an uns <strong>auslagern<\/strong>, und wir stehen Ihnen regelm\u00e4\u00dfig mit unserem Know-How und unserer Arbeitsleistung zur Verf\u00fcgung (z.B. f\u00fcr T\u00e4tigkeiten in den Bereichen Buchhaltung, Managementreporting, Kostenrechnung)<\/p>\n<p style=\"text-align: justify;\">2. <strong>Business Sparring<\/strong> &#8211; in vielen KMUs und NPOs hat die Gesch\u00e4ftsf\u00fchrung keinen Ansprechpartner, der \u00fcber ein umfassendes <strong>betriebswirtschaftliches Know How<\/strong> mit gleichzeitig starker <strong>unternehmerischer Ausrichtung <\/strong>und<strong> langj\u00e4hriger\u00a0Praxiserfahrung<\/strong>\u00a0verf\u00fcgt. Wir sind Ihr Sparringpartner, der mit Ihnen konkrete Unternehmenssituationen diskutiert und pragmatische L\u00f6sungen findet.<\/p>\n<p style=\"text-align: justify;\">3. <strong>Projektbezogene Aufgaben<\/strong> in Ihrem Unternehmen &#8211; dazu z\u00e4hlen z.B. Unternehmensgr\u00fcndung, der Aufbau der Buchhaltung und eines Management Information Systems (MIS), eines Reportingsystems, der Aufbau und die Verfeinerung Ihrer Kostenrechnung, Prozessoptimierung, Forensic Research.<\/p>\n<p style=\"text-align: center;\"><a href=\"http:\/\/dalfen.at\/site\/wp-content\/uploads\/2013\/03\/DALFEN_LOGO_klein2.jpg\"><img decoding=\"async\" loading=\"lazy\" class=\" wp-image-84 aligncenter\" alt=\"DALFEN_LOGO_klein\" src=\"http:\/\/dalfen.at\/site\/wp-content\/uploads\/2013\/03\/DALFEN_LOGO_klein2-300x96.jpg\" width=\"180\" height=\"58\" srcset=\"http:\/\/dalfen.at\/site\/wp-content\/uploads\/2013\/03\/DALFEN_LOGO_klein2-300x96.jpg 300w, http:\/\/dalfen.at\/site\/wp-content\/uploads\/2013\/03\/DALFEN_LOGO_klein2.jpg 365w\" sizes=\"(max-width: 180px) 100vw, 180px\" \/><\/a><\/p>\n","protected":false},"excerpt":{"rendered":"<p>Die Dalfen Management Company bietet Ihnen fundierte Beratung im Bereich Unternehmensgr\u00fcndung und -f\u00fchrung, Unternehmensorganisation, Accounting, Finance und Controlling. Gemeinsam mit Ihnen und Ihrem Team setzen wir die erforderlichen Ma\u00dfnahmen und Projekte dann auch in Ihrem Unternehmen um. \u00a0Unser Leistungsspektrum umfasst\u00a0folgende &hellip; <a href=\"http:\/\/dalfen.at\/site\/?page_id=29\">Weiterlesen <span class=\"meta-nav\">&rarr;<\/span><\/a><\/p>\n","protected":false},"author":1,"featured_media":0,"parent":0,"menu_order":0,"comment_status":"closed","ping_status":"closed","template":"","meta":{"footnotes":""},"_links":{"self":[{"href":"http:\/\/dalfen.at\/site\/index.php?rest_route=\/wp\/v2\/pages\/29"}],"collection":[{"href":"http:\/\/dalfen.at\/site\/index.php?rest_route=\/wp\/v2\/pages"}],"about":[{"href":"http:\/\/dalfen.at\/site\/index.php?rest_route=\/wp\/v2\/types\/page"}],"author":[{"embeddable":true,"href":"http:\/\/dalfen.at\/site\/index.php?rest_route=\/wp\/v2\/users\/1"}],"replies":[{"embeddable":true,"href":"http:\/\/dalfen.at\/site\/index.php?rest_route=%2Fwp%2Fv2%2Fcomments&post=29"}],"version-history":[{"count":26,"href":"http:\/\/dalfen.at\/site\/index.php?rest_route=\/wp\/v2\/pages\/29\/revisions"}],"predecessor-version":[{"id":105,"href":"http:\/\/dalfen.at\/site\/index.php?rest_route=\/wp\/v2\/pages\/29\/revisions\/105"}],"wp:attachment":[{"href":"http:\/\/dalfen.at\/site\/index.php?rest_route=%2Fwp%2Fv2%2Fmedia&parent=29"}],"curies":[{"name":"wp","href":"https:\/\/api.w.org\/{rel}","templated":true}]}}