{"id":25,"date":"2013-03-27T13:45:39","date_gmt":"2013-03-27T11:45:39","guid":{"rendered":"http:\/\/dalfen.at\/site\/?page_id=25"},"modified":"2018-12-07T13:41:22","modified_gmt":"2018-12-07T11:41:22","slug":"positionierung","status":"publish","type":"page","link":"http:\/\/dalfen.at\/site\/?page_id=25","title":{"rendered":"Positionierung"},"content":{"rendered":"<p style=\"text-align: justify;\">Die Dalfen Management Company verf\u00fcgt \u00fcber ein erfahrenes und eingespieltes Team. Unsere Mitarbeiter zeichnen sich durch ausgepr\u00e4gte Kommunikationsf\u00e4higkeit, hohe soziale Kompetenz und F\u00fchrungskompetenz und Umsetzungsst\u00e4rke aus. Wir reagieren\u00a0schnell und ohne lange Entscheidungswege auf Ihre Anforderungen und Bed\u00fcrfnisse.<\/p>\n<p style=\"text-align: justify;\">Wir haben langj\u00e4hrige Erfahrung im Bereich Unternehmensf\u00fchrung, Finance und Controlling und Projektmanagement\u00a0\u2013 sowohl in inhabergef\u00fchrten \u00f6sterreichischen Unternehmen, als auch in internationalen Konzernen und in NPOs. Bereits vor der Gr\u00fcndung der Dalfen Management Company haben wir\u00a0in den jeweiligen Unternehmen zahlreiche Umstrukturierungen, System-umstellungen, Change Management Prozesse mitgestaltet und spezielle Controllingprojekte geleitet und umgesetzt. Wir sind versiert im Umgang mit Compliance, Corporate Policies, haben umfangreiche Erfahrung mit den Anforderungen gem\u00e4\u00df Sarbanes Oxley-Act und mit dem Aufbau von internen Kontroll- und Reportingsystemen.<\/p>\n<p style=\"text-align: justify;\">Im Rahmen der Dalfen Management Company haben wir Projekte in unterschiedlichen Branchen (Handel, Industrie, Dienstleistungen) erfolgreich durchgef\u00fchrt und abgeschlossen. Einer der Schwerpunkte liegt auf der Zusammenarbeit und Unterst\u00fctzungen von Unternehmen aus dem Kunst- und Kulturbereich.<\/p>\n<p style=\"text-align: justify;\">Daher kennen wir viele Ihrer Fragestellungen aus der eigenen beruflichen T\u00e4tigkeit und k\u00f6nnen diese professionell f\u00fcr Sie l\u00f6sen.<\/p>\n<p style=\"text-align: justify;\">Dank unserer starken Vernetzung k\u00f6nnen wir jederzeit auf Expertenwissen von Steuerberatern, Wirtschaftspr\u00fcfern, Rechtsanw\u00e4lten, Versicherungen, Banken und zahlreichen anderen Berufsgruppen und Organisationen zur\u00fcckgreifen und erforderliche Kontakte herstellen.<\/p>\n<p style=\"text-align: center;\"><a href=\"http:\/\/dalfen.at\/site\/wp-content\/uploads\/2013\/03\/DALFEN_LOGO_klein2.jpg\"><img decoding=\"async\" loading=\"lazy\" class=\" wp-image-84 aligncenter\" alt=\"DALFEN_LOGO_klein\" src=\"http:\/\/dalfen.at\/site\/wp-content\/uploads\/2013\/03\/DALFEN_LOGO_klein2-300x96.jpg\" width=\"180\" height=\"58\" srcset=\"http:\/\/dalfen.at\/site\/wp-content\/uploads\/2013\/03\/DALFEN_LOGO_klein2-300x96.jpg 300w, http:\/\/dalfen.at\/site\/wp-content\/uploads\/2013\/03\/DALFEN_LOGO_klein2.jpg 365w\" sizes=\"(max-width: 180px) 100vw, 180px\" \/><\/a><\/p>\n","protected":false},"excerpt":{"rendered":"<p>Die Dalfen Management Company verf\u00fcgt \u00fcber ein erfahrenes und eingespieltes Team. Unsere Mitarbeiter zeichnen sich durch ausgepr\u00e4gte Kommunikationsf\u00e4higkeit, hohe soziale Kompetenz und F\u00fchrungskompetenz und Umsetzungsst\u00e4rke aus. Wir reagieren\u00a0schnell und ohne lange Entscheidungswege auf Ihre Anforderungen und Bed\u00fcrfnisse. Wir haben langj\u00e4hrige &hellip; <a href=\"http:\/\/dalfen.at\/site\/?page_id=25\">Weiterlesen <span class=\"meta-nav\">&rarr;<\/span><\/a><\/p>\n","protected":false},"author":1,"featured_media":0,"parent":0,"menu_order":0,"comment_status":"closed","ping_status":"closed","template":"","meta":{"footnotes":""},"_links":{"self":[{"href":"http:\/\/dalfen.at\/site\/index.php?rest_route=\/wp\/v2\/pages\/25"}],"collection":[{"href":"http:\/\/dalfen.at\/site\/index.php?rest_route=\/wp\/v2\/pages"}],"about":[{"href":"http:\/\/dalfen.at\/site\/index.php?rest_route=\/wp\/v2\/types\/page"}],"author":[{"embeddable":true,"href":"http:\/\/dalfen.at\/site\/index.php?rest_route=\/wp\/v2\/users\/1"}],"replies":[{"embeddable":true,"href":"http:\/\/dalfen.at\/site\/index.php?rest_route=%2Fwp%2Fv2%2Fcomments&post=25"}],"version-history":[{"count":21,"href":"http:\/\/dalfen.at\/site\/index.php?rest_route=\/wp\/v2\/pages\/25\/revisions"}],"predecessor-version":[{"id":81,"href":"http:\/\/dalfen.at\/site\/index.php?rest_route=\/wp\/v2\/pages\/25\/revisions\/81"}],"wp:attachment":[{"href":"http:\/\/dalfen.at\/site\/index.php?rest_route=%2Fwp%2Fv2%2Fmedia&parent=25"}],"curies":[{"name":"wp","href":"https:\/\/api.w.org\/{rel}","templated":true}]}}