{"id":2,"date":"2013-03-21T16:30:49","date_gmt":"2013-03-21T16:30:49","guid":{"rendered":"http:\/\/dalfen.at\/site\/?page_id=2"},"modified":"2016-05-19T15:00:31","modified_gmt":"2016-05-19T13:00:31","slug":"sample-page","status":"publish","type":"page","link":"http:\/\/dalfen.at\/site\/","title":{"rendered":"Leitgedanken"},"content":{"rendered":"<p><a href=\"http:\/\/dalfen.at\/site\/wp-content\/uploads\/2013\/03\/CF114879.TIF.p.jpg\"><img decoding=\"async\" loading=\"lazy\" class=\"alignright size-large wp-image-239\" style=\"width: 211px;\" alt=\"CF114879.TIF.p\" src=\"http:\/\/dalfen.at\/site\/wp-content\/uploads\/2013\/03\/CF114879.TIF.p-1024x768.jpg\" width=\"640\" height=\"69\" \/><\/a><strong>Gemeinsam mit einem\u00a0erfahrenen Partner.<\/strong><\/p>\n<p style=\"text-align: justify;\">In jeder Phase des Unternehmenszyklus <span style=\"color: #000000;\">stehen Sie als Unternehmer oder Gesch\u00e4ftsf\u00fchrer vor neuen Herausforderungen, die es zu meistern gilt. Sie wollen expandieren, neue M\u00e4rkte erschlie\u00dfen, Ihre Organisationsstruktur an die aktuellen Gegebenheiten anpassen. Sie m\u00fcssen eine kurzfristig auftretende Vakanz bis zur Nachbesetzung \u00fcberbr\u00fccken. Sie wollen ein aussagekr\u00e4ftiges Reporting- oder Management Information System einf\u00fchren. <\/span><\/p>\n<p style=\"text-align: justify;\"><span style=\"color: #000000;\">Bei diesen Herausforderungen stehen wir Ihnen mit unserem Know-How zur Seite, wir setzen die erforderlichen Ma\u00dfnahmen gemeinsam mit Ihnen und Ihrem Team um. Sie k\u00f6nnen diese Aufgaben auch zur G\u00e4nze an uns auslagern und wir f\u00fchren sie professionell f\u00fcr Sie aus, ohne dass dadurch Ihr operativer Ablauf beeintr\u00e4chtigt wird. <\/span><\/p>\n<p>Wir <span style=\"color: #000000;\">sind Ihr kompetenter Partner, der Sie im Bereich Unternehmensf\u00fchrung, Unternehmensorganisation, Finance und Controlling begleitet und unterst\u00fctzt \u2013 sowohl projektbezogen, als auch mittel- und l\u00e4ngerfristig. So k\u00f6nnen Sie sich auf das operative Gesch\u00e4ft konzentrieren.<\/span><\/p>\n<p style=\"text-align: center;\"><a href=\"http:\/\/dalfen.at\/site\/wp-content\/uploads\/2013\/03\/DALFEN_LOGO_klein2.jpg\"><img decoding=\"async\" loading=\"lazy\" class=\" wp-image-84 aligncenter\" alt=\"DALFEN_LOGO_klein\" src=\"http:\/\/dalfen.at\/site\/wp-content\/uploads\/2013\/03\/DALFEN_LOGO_klein2-300x96.jpg\" width=\"180\" height=\"58\" srcset=\"http:\/\/dalfen.at\/site\/wp-content\/uploads\/2013\/03\/DALFEN_LOGO_klein2-300x96.jpg 300w, http:\/\/dalfen.at\/site\/wp-content\/uploads\/2013\/03\/DALFEN_LOGO_klein2.jpg 365w\" sizes=\"(max-width: 180px) 100vw, 180px\" \/><\/a><\/p>\n","protected":false},"excerpt":{"rendered":"<p>Gemeinsam mit einem\u00a0erfahrenen Partner. In jeder Phase des Unternehmenszyklus stehen Sie als Unternehmer oder Gesch\u00e4ftsf\u00fchrer vor neuen Herausforderungen, die es zu meistern gilt. Sie wollen expandieren, neue M\u00e4rkte erschlie\u00dfen, Ihre Organisationsstruktur an die aktuellen Gegebenheiten anpassen. Sie m\u00fcssen eine kurzfristig &hellip; <a href=\"http:\/\/dalfen.at\/site\/\">Weiterlesen <span class=\"meta-nav\">&rarr;<\/span><\/a><\/p>\n","protected":false},"author":1,"featured_media":0,"parent":0,"menu_order":0,"comment_status":"closed","ping_status":"closed","template":"","meta":{"footnotes":""},"_links":{"self":[{"href":"http:\/\/dalfen.at\/site\/index.php?rest_route=\/wp\/v2\/pages\/2"}],"collection":[{"href":"http:\/\/dalfen.at\/site\/index.php?rest_route=\/wp\/v2\/pages"}],"about":[{"href":"http:\/\/dalfen.at\/site\/index.php?rest_route=\/wp\/v2\/types\/page"}],"author":[{"embeddable":true,"href":"http:\/\/dalfen.at\/site\/index.php?rest_route=\/wp\/v2\/users\/1"}],"replies":[{"embeddable":true,"href":"http:\/\/dalfen.at\/site\/index.php?rest_route=%2Fwp%2Fv2%2Fcomments&post=2"}],"version-history":[{"count":44,"href":"http:\/\/dalfen.at\/site\/index.php?rest_route=\/wp\/v2\/pages\/2\/revisions"}],"predecessor-version":[{"id":256,"href":"http:\/\/dalfen.at\/site\/index.php?rest_route=\/wp\/v2\/pages\/2\/revisions\/256"}],"wp:attachment":[{"href":"http:\/\/dalfen.at\/site\/index.php?rest_route=%2Fwp%2Fv2%2Fmedia&parent=2"}],"curies":[{"name":"wp","href":"https:\/\/api.w.org\/{rel}","templated":true}]}}